{"id":267,"date":"2022-09-21T10:30:10","date_gmt":"2022-09-21T15:30:10","guid":{"rendered":"https:\/\/phoniquemedia.com\/entrainement\/"},"modified":"2022-10-20T06:11:28","modified_gmt":"2022-10-20T11:11:28","slug":"entrainement","status":"publish","type":"page","link":"https:\/\/phoniquemedia.com\/fr\/entrainement\/","title":{"rendered":"Formation"},"content":{"rendered":"<p>[et_pb_section fb_built=\u00a0\u00bb1&Prime; _builder_version=\u00a0\u00bb4.18.0&Prime; _module_preset=\u00a0\u00bbdefault\u00a0\u00bb custom_padding=\u00a0\u00bb||0px|||\u00a0\u00bb global_colors_info=\u00a0\u00bb{}\u00a0\u00bb theme_builder_area=\u00a0\u00bbpost_content\u00a0\u00bb][et_pb_row _builder_version=\u00a0\u00bb4.18.0&Prime; _module_preset=\u00a0\u00bbdefault\u00a0\u00bb background_image=\u00a0\u00bbhttps:\/\/phoniquemedia.com\/wp-content\/uploads\/2022\/09\/Training.jpg\u00a0\u00bb height=\u00a0\u00bb450px\u00a0\u00bb max_height=\u00a0\u00bb450px\u00a0\u00bb hover_enabled=\u00a0\u00bb0&Prime; global_colors_info=\u00a0\u00bb{}\u00a0\u00bb theme_builder_area=\u00a0\u00bbpost_content\u00a0\u00bb title_text=\u00a0\u00bbTraining\u00a0\u00bb sticky_enabled=\u00a0\u00bb0&Prime;][et_pb_column type=\u00a0\u00bb4_4&Prime; _builder_version=\u00a0\u00bb4.18.0&Prime; _module_preset=\u00a0\u00bbdefault\u00a0\u00bb global_colors_info=\u00a0\u00bb{}\u00a0\u00bb theme_builder_area=\u00a0\u00bbpost_content\u00a0\u00bb][\/et_pb_column][\/et_pb_row][\/et_pb_section][et_pb_section fb_built=\u00a0\u00bb1&Prime; _builder_version=\u00a0\u00bb4.18.0&Prime; _module_preset=\u00a0\u00bbdefault\u00a0\u00bb custom_padding=\u00a0\u00bb0px||0px|||\u00a0\u00bb global_colors_info=\u00a0\u00bb{}\u00a0\u00bb theme_builder_area=\u00a0\u00bbpost_content\u00a0\u00bb][et_pb_row _builder_version=\u00a0\u00bb4.18.0&Prime; _module_preset=\u00a0\u00bbdefault\u00a0\u00bb global_colors_info=\u00a0\u00bb{}\u00a0\u00bb theme_builder_area=\u00a0\u00bbpost_content\u00a0\u00bb][et_pb_column type=\u00a0\u00bb4_4&Prime; _builder_version=\u00a0\u00bb4.18.0&Prime; _module_preset=\u00a0\u00bbdefault\u00a0\u00bb global_colors_info=\u00a0\u00bb{}\u00a0\u00bb theme_builder_area=\u00a0\u00bbpost_content\u00a0\u00bb][et_pb_text _builder_version=\u00a0\u00bb4.18.0&Prime; _module_preset=\u00a0\u00bbdefault\u00a0\u00bb ul_line_height=\u00a0\u00bb2em\u00a0\u00bb header_text_color=\u00a0\u00bb#000000&Prime; header_font_size=\u00a0\u00bb40px\u00a0\u00bb hover_enabled=\u00a0\u00bb0&Prime; global_colors_info=\u00a0\u00bb{}\u00a0\u00bb theme_builder_area=\u00a0\u00bbpost_content\u00a0\u00bb sticky_enabled=\u00a0\u00bb0&Prime;]<\/p>\n<h1>Formation<\/h1>\n<p>Tout le monde peut potentiellement parfaire ses qualit\u00e9s de communicateur. Phonique M\u00e9dia transmet les vastes et solides connaissances de son \u00e9quipe en offrant des ateliers qui peuvent \u00eatre adapt\u00e9es \u00e0 tout auditoire, qu\u2019il s\u2019agisse de n\u00e9ophytes des communications strat\u00e9giques souhaitant trouver leur voix dans les m\u00e9dias ou de professionnels aguerris souhaitant approfondir les messages cl\u00e9s en vue de gagner le c\u0153ur et de frapper l\u2019esprit de leurs auditoires.[\/et_pb_text][\/et_pb_column][\/et_pb_row][et_pb_row _builder_version=\u00a0\u00bb4.18.0&Prime; _module_preset=\u00a0\u00bbdefault\u00a0\u00bb theme_builder_area=\u00a0\u00bbpost_content\u00a0\u00bb custom_padding=\u00a0\u00bb||0px||false|false\u00a0\u00bb hover_enabled=\u00a0\u00bb0&Prime; sticky_enabled=\u00a0\u00bb0&Prime;][et_pb_column _builder_version=\u00a0\u00bb4.18.0&Prime; _module_preset=\u00a0\u00bbdefault\u00a0\u00bb type=\u00a0\u00bb4_4&Prime; theme_builder_area=\u00a0\u00bbpost_content\u00a0\u00bb][et_pb_text _builder_version=\u00a0\u00bb4.18.0&Prime; _module_preset=\u00a0\u00bbdefault\u00a0\u00bb theme_builder_area=\u00a0\u00bbpost_content\u00a0\u00bb hover_enabled=\u00a0\u00bb0&Prime; sticky_enabled=\u00a0\u00bb0&Prime; header_3_font_size=\u00a0\u00bb30px\u00a0\u00bb]<\/p>\n<h3>Session de formation :<\/h3>\n<p>[\/et_pb_text][\/et_pb_column][\/et_pb_row][et_pb_row _builder_version=\u00a0\u00bb4.18.0&Prime; _module_preset=\u00a0\u00bbdefault\u00a0\u00bb column_structure=\u00a0\u00bb1_2,1_2&Prime; theme_builder_area=\u00a0\u00bbpost_content\u00a0\u00bb][et_pb_column _builder_version=\u00a0\u00bb4.18.0&Prime; _module_preset=\u00a0\u00bbdefault\u00a0\u00bb type=\u00a0\u00bb1_2&Prime; theme_builder_area=\u00a0\u00bbpost_content\u00a0\u00bb][et_pb_text _builder_version=\u00a0\u00bb4.18.0&Prime; _module_preset=\u00a0\u00bbdefault\u00a0\u00bb theme_builder_area=\u00a0\u00bbpost_content\u00a0\u00bb hover_enabled=\u00a0\u00bb0&Prime; sticky_enabled=\u00a0\u00bb0&Prime; header_4_font_size=\u00a0\u00bb25px\u00a0\u00bb header_4_text_color=\u00a0\u00bb#0daadf\u00a0\u00bb]<\/p>\n<h4><strong>Parler dans les m\u00e9dias<\/strong><\/h4>\n<p>\u00ab\u00a0Pensez comme un journaliste\u00a0\u00bb est un s\u00e9minaire d&rsquo;une journ\u00e9e qui pr\u00e9pare les participants aux entretiens avec les m\u00e9dias de tous types et de toutes plateformes. Cette session interactive et pratique invite des experts (scientifiques, gestionnaires de programmes, etc.), des cadres sup\u00e9rieurs et des porte-parole b\u00e9n\u00e9voles \u00e0 se mettre \u00e0 la place du journaliste pour se pr\u00e9parer \u00e0 une interview.<\/p>\n<p>En comprenant le r\u00f4le et les besoins de l&rsquo;intervieweur, les participants seront mieux pr\u00e9par\u00e9s \u00e0 leurs questions. Ils seront donc plus \u00e0 l&rsquo;aise devant la cam\u00e9ra et, en fin de compte, plus susceptibles d&rsquo;\u00eatre satisfaits de l&rsquo;issue de l&rsquo;interview.<\/p>\n<p>[\/et_pb_text][\/et_pb_column][et_pb_column _builder_version=\u00a0\u00bb4.18.0&Prime; _module_preset=\u00a0\u00bbdefault\u00a0\u00bb type=\u00a0\u00bb1_2&Prime; theme_builder_area=\u00a0\u00bbpost_content\u00a0\u00bb][et_pb_text _builder_version=\u00a0\u00bb4.18.0&Prime; _module_preset=\u00a0\u00bbdefault\u00a0\u00bb theme_builder_area=\u00a0\u00bbpost_content\u00a0\u00bb hover_enabled=\u00a0\u00bb0&Prime; sticky_enabled=\u00a0\u00bb0&Prime; global_colors_info=\u00a0\u00bb{}\u00a0\u00bb header_4_text_color=\u00a0\u00bb#0daadf\u00a0\u00bb header_4_font_size=\u00a0\u00bb25px\u00a0\u00bb]<\/p>\n<h4><strong>Des messages cl\u00e9s percutants (NOUVEAU !)<\/strong><\/h4>\n<p>Un message fort et coh\u00e9rent donne de bons r\u00e9sultats pour toute organisation. La session est amusante et engageante intitul\u00e9e \u00ab La fosse aux ours \u00bb est con\u00e7ue pour les \u00e9quipes qui cherchent \u00e0 parler d\u2019une m\u00eame voix, en aidant les participants \u00e0 trouver l&rsquo;\u00e9quilibre d\u00e9licat entre la continuit\u00e9 du message et s\u2019approprier les messages cl\u00e9s.<\/p>\n<p>Que vous ayez un nouveau plan strat\u00e9gique, une campagne de collecte de fonds ou que vous vous pr\u00e9pariez \u00e0 un changement organisationnel, la session \u00ab La fosse aux lions \u00bb donne \u00e0 chaque participant l&rsquo;occasion de pr\u00e9senter les messages cl\u00e9s de l&rsquo;organisation dans des situations r\u00e9elles simul\u00e9es&#8230; qu&rsquo;il s&rsquo;agisse d&rsquo;une interview avec les m\u00e9dias ou d&rsquo;une r\u00e9union avec un bailleur de fonds, d&rsquo;une r\u00e9union du personnel ou d&rsquo;un barbecue communautaire. Id\u00e9al pour les retraites du conseil d&rsquo;administration ou du personnel !<\/p>\n<p>&nbsp;<\/p>\n<p>[\/et_pb_text][\/et_pb_column][\/et_pb_row][et_pb_row _builder_version=\u00a0\u00bb4.18.0&Prime; _module_preset=\u00a0\u00bbdefault\u00a0\u00bb theme_builder_area=\u00a0\u00bbpost_content\u00a0\u00bb][et_pb_column _builder_version=\u00a0\u00bb4.18.0&Prime; _module_preset=\u00a0\u00bbdefault\u00a0\u00bb type=\u00a0\u00bb4_4&Prime; theme_builder_area=\u00a0\u00bbpost_content\u00a0\u00bb][et_pb_text _builder_version=\u00a0\u00bb4.18.0&Prime; _module_preset=\u00a0\u00bbdefault\u00a0\u00bb theme_builder_area=\u00a0\u00bbpost_content\u00a0\u00bb hover_enabled=\u00a0\u00bb0&Prime; sticky_enabled=\u00a0\u00bb0&Prime; header_3_font_size=\u00a0\u00bb30px\u00a0\u00bb]<\/p>\n<h3>Clients pass\u00e9s<\/h3>\n<ul>\n<li>L\u2019Agence de sant\u00e9 publique du Canada<\/li>\n<li>Le R\u00e9seau Compassion Network (y compris St.Amant, Action Marguerite, Sara Riel, Marymound)<\/li>\n<li>SciMar Ltd.<\/li>\n<\/ul>\n<p>[\/et_pb_text][\/et_pb_column][\/et_pb_row][\/et_pb_section]<\/p>\n","protected":false},"excerpt":{"rendered":"<p>Formation Tout le monde peut potentiellement parfaire ses qualit\u00e9s de communicateur. Phonique M\u00e9dia transmet les vastes et solides connaissances de son \u00e9quipe en offrant des ateliers qui peuvent \u00eatre adapt\u00e9es \u00e0 tout auditoire, qu\u2019il s\u2019agisse de n\u00e9ophytes des communications strat\u00e9giques souhaitant trouver leur voix dans les m\u00e9dias ou de professionnels aguerris souhaitant approfondir les messages [&hellip;]<\/p>\n","protected":false},"author":1,"featured_media":0,"parent":0,"menu_order":0,"comment_status":"closed","ping_status":"closed","template":"","meta":{"_et_pb_use_builder":"on","_et_pb_old_content":"","_et_gb_content_width":"","footnotes":""},"class_list":["post-267","page","type-page","status-publish","hentry"],"_links":{"self":[{"href":"https:\/\/phoniquemedia.com\/fr\/wp-json\/wp\/v2\/pages\/267","targetHints":{"allow":["GET"]}}],"collection":[{"href":"https:\/\/phoniquemedia.com\/fr\/wp-json\/wp\/v2\/pages"}],"about":[{"href":"https:\/\/phoniquemedia.com\/fr\/wp-json\/wp\/v2\/types\/page"}],"author":[{"embeddable":true,"href":"https:\/\/phoniquemedia.com\/fr\/wp-json\/wp\/v2\/users\/1"}],"replies":[{"embeddable":true,"href":"https:\/\/phoniquemedia.com\/fr\/wp-json\/wp\/v2\/comments?post=267"}],"version-history":[{"count":0,"href":"https:\/\/phoniquemedia.com\/fr\/wp-json\/wp\/v2\/pages\/267\/revisions"}],"wp:attachment":[{"href":"https:\/\/phoniquemedia.com\/fr\/wp-json\/wp\/v2\/media?parent=267"}],"curies":[{"name":"wp","href":"https:\/\/api.w.org\/{rel}","templated":true}]}}